{"id":18,"date":"2012-11-30T14:08:29","date_gmt":"2012-11-30T14:08:29","guid":{"rendered":"http:\/\/localhost:8888\/wordpress\/?page_id=18"},"modified":"2012-11-30T16:51:57","modified_gmt":"2012-11-30T16:51:57","slug":"pohikiri","status":"publish","type":"page","link":"https:\/\/www.estatools.ee\/?page_id=18","title":{"rendered":"P\u00f5hikiri"},"content":{"rendered":"<h1><span class=\"Apple-style-span\" style=\"font-size: 13px; font-weight: normal;\">Kinnitatud 17.11.2010 asutamislepingu lisana<\/span><\/h1>\n<p>I \u00dclds\u00e4tted<br \/>\n1. Mittetulundus\u00fching nimetusega Eesti Spetsiaalt\u00f6\u00f6riistatootjate Assotsiatsioon ,<br \/>\nedaspidi: ESTA, on vabatahtlikkuse alusel \u00fchinenud isikute iseseisev kasumit mitte<br \/>\ntaotlev organisatsioon.<br \/>\n2. \u00dchingu asukohaks on Eesti Vabariik Tallinn.<br \/>\n3. \u00dchingu eesm\u00e4rgiks on Eesti t\u00f6\u00f6stuse konkurentsiv\u00f5ime ja ekspordipotensiaali t\u00f5stmine.<br \/>\n4. \u00dchingu p\u00f5hitegevus:<br \/>\na) korraldab koost\u00f6\u00f6d ettev\u00f5tete vahel<br \/>\nb) esindab Eesti t\u00f6\u00f6riistatootjaid rahvusvahelistes erialaliitudes (ISTMA jt)<br \/>\nc) korraldab n\u00f5upidamisi, seminare, koolitusi, ettev\u00f5tete k\u00fclastusi jms.<br \/>\nd) vahendab liikmesettev\u00f5tetele potentsiaalsete tellijate p\u00e4ringuid ning tellimusi,<br \/>\nosalemisv\u00f5imalusi rahvusvahelistel seminaridel, konverentsidel, n\u00e4itustel ja<br \/>\nt\u00f6\u00f6stusmessidel.<br \/>\ne) osaleb rahvusvahelises koost\u00f6\u00f6s teiste riikide t\u00f6\u00f6riistatootjate liitude, koost\u00f6\u00f6v\u00f5rkude ja klastritega<br \/>\nf) tootmis- , arendus- ja turundustegevuses koost\u00f6\u00f6 ja integratsiooni s\u00fcvendamine masinaehituse,<br \/>\nelektroonika ja infotehnoloogia valdkonda kuuluvate organisatsioonide ja ettev\u00f5tetega<br \/>\ng) koost\u00f6\u00f6 arendamine \u00fclikoolidega, teadus-arendusasutuste ning ettev\u00f5tetega (k.a.<br \/>\nrahvusvahelistega)<br \/>\nf) omab vara ja tegeleb majandustegevusega<\/p>\n<p>II \u00dchingu liikmeks vastuv\u00f5tmise ning \u00dchingust v\u00e4ljaastumise ja v\u00e4ljaarvamise<br \/>\ntingimused ja kord<br \/>\n2.1. \u00dchingu liikmeks vastuv\u00f5tmist v\u00f5ib taotleda iga isik, kes soovib arendada \u00fchingu<br \/>\neesm\u00e4rkidega koosk\u00f5las olevat tegevust<br \/>\n2.2. \u00dchingu liikmeks vastuv\u00f5tmise otsustab \u00fchingu \u00dcldkoosolek<br \/>\n2.3. \u00dchingust v\u00e4ljaastumiseks esitab liige juhatusele kirjaliku avalduse.<br \/>\n2.4. \u00dchingu liikme v\u00f5ib \u00fchingust v\u00e4lja arvata \u00fcldkoosoleku otsusega, kui \u00fchingu liige :<br \/>\na) ei ole t\u00e4htajaks tasunud \u00fchingu liikmemaksu;<br \/>\nb) ei ole viimase aasta jooksul osalenud \u00fchelgi \u00fchingu \u00fcldkoosolekul v\u00f5i \u00fchingu poolt<br \/>\nkorraldatud \u00fcritusel;<br \/>\nc) astub \u00fchinguga samalaadset tegevust arendava mittetulundus\u00fchingu liikmeks.<br \/>\n2.5. \u00dchingu liikme v\u00e4ljaarvamise otsustab \u00fchingu juhatus oma koosolekul, teatades<br \/>\nselle k\u00fcsimuse arutelust v\u00e4ljaarvatavale liikmele kirjalikult v\u00e4hemalt 2 n\u00e4dalat enne<br \/>\nkoosoleku toimumist ja tal on \u00f5igus osaleda s\u00f5na\u00f5igusega oma v\u00e4ljaarvamise<br \/>\nk\u00fcsimuse arutamisel juhatuses . Liikme v\u00e4ljaarvamise otsus on langetatud, kui selle<br \/>\npoolt on 2\/3 juhatuse liikmetest.<br \/>\n2.6. \u00dchingu juhatuse poolt v\u00e4ljaarvatud liikmel on \u00f5igus n\u00f5uda v\u00e4ljaarvamise<br \/>\nk\u00fcsimuse otsustamist v\u00e4ljaarvamisele j\u00e4rgneval \u00fchingu \u00fcldkoosolekul.<\/p>\n<p>III Liikmete \u00f5igused ja kohustused<br \/>\n3.1. \u00dchingu liikmetel on \u00f5igus:<br \/>\na) osaleda h\u00e4\u00e4le\u00f5igusega \u00fchingu \u00fcldkoosolekul;<br \/>\nb) olla valitud \u00fchingu juhtorganite liikmeks;<br \/>\nc) saada \u00fchingu juhatuselt teavet \u00fchingu tegevuse kohta;<br \/>\n3.2. \u00dchingu liige on kohustatud:<br \/>\na) j\u00e4rgima \u00fchingu tegevuses osalemisel p\u00f5hikirja ja \u00fchingu juhtorganite otsuseid;<br \/>\nb) tasuma m\u00e4\u00e4ratud liikmemaksu;<br \/>\nc) teatama \u00fchingu juhatusele \u00fchingu liikmete arvestuse pidamiseks oma kehtivad<br \/>\nkontaktandmed;<br \/>\n3.3. Liikmemaksule ja sisseastumismaksule t\u00e4iendavaid varalisi kohustusi v\u00f5ib<br \/>\n\u00fchingu liikmele panna ainult \u00fcldkoosoleku otsusega.<\/p>\n<p>IV \u00dcldkoosolek<br \/>\n4.1. \u00dchingu k\u00f5rgeimaks organiks on \u00fchingu \u00fcldkoosolek, kus igal \u00fchingu liikmel on<br \/>\n\u00fcks h\u00e4\u00e4l.<br \/>\n4.2. \u00dchingu \u00fcldkoosoleku p\u00e4devuses on:<br \/>\na) p\u00f5hikirja muutmine (2\/3 \u00fcldkoosolekul osalejatest);<br \/>\nb) eesm\u00e4rgi muutmine (9\/10 liikmete n\u00f5usolek);<br \/>\nc) juhatuse liikmete m\u00e4\u00e4ramine;<br \/>\nd) revisjoni komisjoni m\u00e4\u00e4ramine;<br \/>\ne) juhatuse voi muu organi liikmega tehingu tegemise v\u00f5i tema vastu n\u00f5ude<br \/>\nesitamise otsustamine ja selles tehingus v\u00f5i n\u00f5udes \u00fchingu esindaja m\u00e4\u00e4ramine;<br \/>\nf) \u00fchingule kuuluvate kinnisasjade ja registrisse kantavate vallasasjade v\u00f5\u00f5randamise ja asja\u00f5igustega koormamise<br \/>\notsustamine ja tingimuste m\u00e4\u00e4ramine nimetatud tehinguteks;<br \/>\ng) muude k\u00fcsimuste otsustamine, mida ei ole seaduse v\u00f5i p\u00f5hikirjaga antud teiste organite p\u00e4devusse.<br \/>\n4.3. \u00dchingu \u00fcldkoosoleku kutsub kokku juhatus v\u00e4hemalt korra aastas:<br \/>\na) aastaaruande kinnitamiseks;<br \/>\nb) seaduses m\u00e4\u00e4ratud ja muudel juhtudel, kui \u00fchingu huvid seda n\u00f5uavad.<br \/>\n4.4. \u00dcldkoosoleku kokkukutsumiseks saadab juhatus igale \u00fchingu liikmele kaks n\u00e4dalat enne \u00fcldkoosoleku toimumist<br \/>\nkirjaliku teate, n\u00e4idates \u00e4ra \u00fcldkoosoleku toimumise aja, koha ja p\u00e4evakorra.<br \/>\n4.5. \u00dcldkoosolek on otsustusv\u00f5imeline, kui sellel osaleb v\u00f5i on teise esindatud \u00fcle poole \u00fchingu liikmetest.<br \/>\n4. 6.\u00dcldkoosoleku otsus on vastu v\u00f5etud, kui selle poolt on \u00fcle poole koosolekul osalenud \u00fchingu liikmetest v\u00f5i<br \/>\nnende esindajatest.<\/p>\n<p>V Juhatus<br \/>\n5.1. \u00dchingu tegevust juhib ja esindab juhatus, milles on 3 liiget.<br \/>\n5.2. Juhatuse liikmed m\u00e4\u00e4rab \u00fcldkoosolek ametisse 3 aastaks.<br \/>\n5.3. \u00dchingu nimel teostatavate tehingute sooritamiseks peab juhatus saama eelneva<br \/>\nn\u00f5usoleku \u00fcldkoosolekult.<br \/>\n5.4. Juhatuse otsuse langetamiseks on vajalik juhatuse liikmete poolth\u00e4\u00e4lteenamus.<br \/>\nVI \u00dchinemine, jagunemine, likvideerimine<br \/>\n6.1. \u00dchingu \u00fchinemine, jagunemine ja likvideerimine toimuvad seaduses s\u00e4testatud<br \/>\nkorras.<br \/>\n6.2. \u00dchingu likvideerijateks on juhatuse liikmed.<\/p>\n","protected":false},"excerpt":{"rendered":"<p>Kinnitatud 17.11.2010 asutamislepingu lisana I \u00dclds\u00e4tted 1. Mittetulundus\u00fching nimetusega Eesti Spetsiaalt\u00f6\u00f6riistatootjate Assotsiatsioon , edaspidi: ESTA, on vabatahtlikkuse alusel \u00fchinenud isikute iseseisev kasumit mitte taotlev organisatsioon. 2. \u00dchingu asukohaks on Eesti Vabariik Tallinn. 3. \u00dchingu eesm\u00e4rgiks on Eesti t\u00f6\u00f6stuse konkurentsiv\u00f5ime ja<span class=\"ellipsis\">&hellip;<\/span><\/p>\n<div class=\"read-more\"><a href=\"https:\/\/www.estatools.ee\/?page_id=18\">Read more &#8250;<\/a><\/div>\n<p><!-- end of .read-more --><\/p>\n","protected":false},"author":1,"featured_media":0,"parent":0,"menu_order":0,"comment_status":"closed","ping_status":"closed","template":"full-width-page.php","meta":{"footnotes":""},"_links":{"self":[{"href":"https:\/\/www.estatools.ee\/index.php?rest_route=\/wp\/v2\/pages\/18"}],"collection":[{"href":"https:\/\/www.estatools.ee\/index.php?rest_route=\/wp\/v2\/pages"}],"about":[{"href":"https:\/\/www.estatools.ee\/index.php?rest_route=\/wp\/v2\/types\/page"}],"author":[{"embeddable":true,"href":"https:\/\/www.estatools.ee\/index.php?rest_route=\/wp\/v2\/users\/1"}],"replies":[{"embeddable":true,"href":"https:\/\/www.estatools.ee\/index.php?rest_route=%2Fwp%2Fv2%2Fcomments&post=18"}],"version-history":[{"count":5,"href":"https:\/\/www.estatools.ee\/index.php?rest_route=\/wp\/v2\/pages\/18\/revisions"}],"predecessor-version":[{"id":55,"href":"https:\/\/www.estatools.ee\/index.php?rest_route=\/wp\/v2\/pages\/18\/revisions\/55"}],"wp:attachment":[{"href":"https:\/\/www.estatools.ee\/index.php?rest_route=%2Fwp%2Fv2%2Fmedia&parent=18"}],"curies":[{"name":"wp","href":"https:\/\/api.w.org\/{rel}","templated":true}]}}