{"id":23,"date":"2012-11-30T14:17:01","date_gmt":"2012-11-30T14:17:01","guid":{"rendered":"http:\/\/localhost:8888\/wordpress\/?page_id=23"},"modified":"2012-12-01T14:09:17","modified_gmt":"2012-12-01T14:09:17","slug":"information","status":"publish","type":"page","link":"https:\/\/www.estatools.ee\/","title":{"rendered":"Tutvustus"},"content":{"rendered":"<p style=\"text-align: left;\" align=\"justify\">MT\u00dc Eesti Spetsiaalt\u00f6\u00f6riistatootjate\u00a0Assotsiatsioon (ESTA) on\u00a0 vabatahtlik \u00fchendus spetsiaalt\u00f6\u00f6riistade valdkonna\u00a0 s\u00fcsteemseks k\u00e4sitlemiseks.<\/p>\n<p style=\"text-align: left;\" align=\"justify\">P\u00f5hieesm\u00e4rk: Eesti t\u00f6\u00f6stuse konkurentsiv\u00f5ime ja ekspordipotentsiaali t\u00f5stmine.<\/p>\n<p style=\"text-align: left;\" align=\"justify\">\u2022 Rahvusvaheline koost\u00f6\u00f6 teiste riikide t\u00f6\u00f6riistatootjate liitude, koost\u00f6\u00f6v\u00f5rkude ja klastritega.<br \/>\n\u2022 \u00a0Tootmis- , arendus- ja turundustegevuses koost\u00f6\u00f6 ja integratsiooni s\u00fcvendamine masinaehituse, elektroonika ja infotehnoloogia valdkonda kuuluvate organisatsioonide ja ettev\u00f5tetega.<br \/>\n\u2022 \u00a0Koost\u00f6\u00f6 arendamine \u00fclikoolidega, teadus-arendusasutuste ning ettev\u00f5tetega.<\/p>\n<p style=\"text-align: left;\" align=\"justify\">Alates 2002. aastast on ESTA rahvusvahelise spetsiaalt\u00f6\u00f6riistatootjate assotsiatsiooni ISTMA liige.<\/p>\n<p style=\"text-align: left;\" align=\"justify\"><a href=\"http:\/\/www.istma-europe.com\/istma-europe\/\"><img loading=\"lazy\" decoding=\"async\" class=\"alignnone size-full wp-image-84\" title=\"istma\" src=\"http:\/\/www.estatools.ee\/images\/istma1.gif\" alt=\"\" width=\"176\" height=\"93\" \/><\/a><\/p>\n","protected":false},"excerpt":{"rendered":"<p>MT\u00dc Eesti Spetsiaalt\u00f6\u00f6riistatootjate\u00a0Assotsiatsioon (ESTA) on\u00a0 vabatahtlik \u00fchendus spetsiaalt\u00f6\u00f6riistade valdkonna\u00a0 s\u00fcsteemseks k\u00e4sitlemiseks. P\u00f5hieesm\u00e4rk: Eesti t\u00f6\u00f6stuse konkurentsiv\u00f5ime ja ekspordipotentsiaali t\u00f5stmine. \u2022 Rahvusvaheline koost\u00f6\u00f6 teiste riikide t\u00f6\u00f6riistatootjate liitude, koost\u00f6\u00f6v\u00f5rkude ja klastritega. \u2022 \u00a0Tootmis- , arendus- ja turundustegevuses koost\u00f6\u00f6 ja integratsiooni s\u00fcvendamine masinaehituse, elektroonika<span class=\"ellipsis\">&hellip;<\/span><\/p>\n<div class=\"read-more\"><a href=\"https:\/\/www.estatools.ee\/\">Read more &#8250;<\/a><\/div>\n<p><!-- end of .read-more --><\/p>\n","protected":false},"author":1,"featured_media":0,"parent":0,"menu_order":0,"comment_status":"closed","ping_status":"closed","template":"full-width-page.php","meta":{"footnotes":""},"_links":{"self":[{"href":"https:\/\/www.estatools.ee\/index.php?rest_route=\/wp\/v2\/pages\/23"}],"collection":[{"href":"https:\/\/www.estatools.ee\/index.php?rest_route=\/wp\/v2\/pages"}],"about":[{"href":"https:\/\/www.estatools.ee\/index.php?rest_route=\/wp\/v2\/types\/page"}],"author":[{"embeddable":true,"href":"https:\/\/www.estatools.ee\/index.php?rest_route=\/wp\/v2\/users\/1"}],"replies":[{"embeddable":true,"href":"https:\/\/www.estatools.ee\/index.php?rest_route=%2Fwp%2Fv2%2Fcomments&post=23"}],"version-history":[{"count":10,"href":"https:\/\/www.estatools.ee\/index.php?rest_route=\/wp\/v2\/pages\/23\/revisions"}],"predecessor-version":[{"id":89,"href":"https:\/\/www.estatools.ee\/index.php?rest_route=\/wp\/v2\/pages\/23\/revisions\/89"}],"wp:attachment":[{"href":"https:\/\/www.estatools.ee\/index.php?rest_route=%2Fwp%2Fv2%2Fmedia&parent=23"}],"curies":[{"name":"wp","href":"https:\/\/api.w.org\/{rel}","templated":true}]}}