{"id":25,"date":"2012-11-30T14:17:52","date_gmt":"2012-11-30T14:17:52","guid":{"rendered":"http:\/\/localhost:8888\/wordpress\/?page_id=25"},"modified":"2024-08-08T07:32:10","modified_gmt":"2024-08-08T07:32:10","slug":"members","status":"publish","type":"page","link":"https:\/\/www.estatools.ee\/?page_id=25","title":{"rendered":"Liikmed"},"content":{"rendered":"\n<p><a href=\"http:\/\/www.ensto.com\/\" target=\"_blank\" rel=\"noopener\">Ensto Estonia AS&nbsp;<\/a><br><a href=\"http:\/\/www.tooriistavabrik.ee\/\" target=\"_blank\" rel=\"noopener\">AS Norma T\u00f6\u00f6riistavabrik<\/a><br><a href=\"http:\/\/www.rm-tools.ee\/\" target=\"_blank\" rel=\"noopener\">Roomet &amp; Melrosten O\u00dc<\/a><br><a href=\"http:\/\/www.vasarinstr.ee\/\" target=\"_blank\" rel=\"noopener\">Vasar Instrument O\u00dc<\/a><br><a href=\"http:\/\/www.virotools.ee\/\" target=\"_blank\" rel=\"noreferrer noopener\">Karl Storz Video Endoscopy Estonia O\u00dc<\/a><br><a href=\"http:\/\/www.zircon.ee\/\" target=\"_blank\" rel=\"noopener\">Zircon Group O\u00dc<\/a><br><a href=\"http:\/\/www.toolexpert.ee\/\" target=\"_blank\" rel=\"noopener\">Toolexpert O\u00dc<\/a><br><a href=\"http:\/\/www.hissmekano.ee\/\" target=\"_blank\" rel=\"noopener\">Hissmekano O\u00dc<\/a><\/p>\n\n\n\n<p>Grigori Ger\u0161man<br>Matti Kajak<br>Andres P\u00e4hlapuu<\/p>\n","protected":false},"excerpt":{"rendered":"<p>Ensto Estonia AS&nbsp;AS Norma T\u00f6\u00f6riistavabrikRoomet &amp; Melrosten O\u00dcVasar Instrument O\u00dcKarl Storz Video Endoscopy Estonia O\u00dcZircon Group O\u00dcToolexpert O\u00dcHissmekano O\u00dc Grigori Ger\u0161manMatti KajakAndres P\u00e4hlapuu<\/p>\n","protected":false},"author":1,"featured_media":0,"parent":0,"menu_order":0,"comment_status":"closed","ping_status":"closed","template":"full-width-page.php","meta":{"footnotes":""},"_links":{"self":[{"href":"https:\/\/www.estatools.ee\/index.php?rest_route=\/wp\/v2\/pages\/25"}],"collection":[{"href":"https:\/\/www.estatools.ee\/index.php?rest_route=\/wp\/v2\/pages"}],"about":[{"href":"https:\/\/www.estatools.ee\/index.php?rest_route=\/wp\/v2\/types\/page"}],"author":[{"embeddable":true,"href":"https:\/\/www.estatools.ee\/index.php?rest_route=\/wp\/v2\/users\/1"}],"replies":[{"embeddable":true,"href":"https:\/\/www.estatools.ee\/index.php?rest_route=%2Fwp%2Fv2%2Fcomments&post=25"}],"version-history":[{"count":10,"href":"https:\/\/www.estatools.ee\/index.php?rest_route=\/wp\/v2\/pages\/25\/revisions"}],"predecessor-version":[{"id":104,"href":"https:\/\/www.estatools.ee\/index.php?rest_route=\/wp\/v2\/pages\/25\/revisions\/104"}],"wp:attachment":[{"href":"https:\/\/www.estatools.ee\/index.php?rest_route=%2Fwp%2Fv2%2Fmedia&parent=25"}],"curies":[{"name":"wp","href":"https:\/\/api.w.org\/{rel}","templated":true}]}}